{"id":530,"date":"2014-07-28T12:04:54","date_gmt":"2014-07-28T10:04:54","guid":{"rendered":"http:\/\/www.atapspa.it\/?page_id=530"},"modified":"2014-07-28T12:04:54","modified_gmt":"2014-07-28T10:04:54","slug":"regolamento-aziendale-2013-per-reclutamento-del-personale","status":"publish","type":"page","link":"https:\/\/atapspa.it\/en\/regolamento-aziendale-2013-per-reclutamento-del-personale\/","title":{"rendered":"Regolamento aziendale 2013 per reclutamento del personale"},"content":{"rendered":"<p>\t\t\t\t&nbsp;<\/p>\n<p><strong>Attenzione!<\/strong> In data 11 Gennaio 2013 \u00e8 entrato in vigore \u2014 ed \u00e8 a tuttoggi di fatto sospeso \u2014 il nuovo \u201cRegolamento aziendale per il reclutamento del personale\u201d, che abroga e sostituisce integralmente il precedente regolamento, istituendo nuove modalit\u00e0 per la presentazione delle domande di assunzione in A.T.A.P. S.P.A. e per la selezione del personale.<\/p>\n<p>Tutti coloro i quali hanno interesse ad un\u2019eventuale assunzione in A.T.A.P. S.P.A. sono invitati a prendere visione dell\u2019allegato Regolamento (visualizzandolo o scaricandolo nel formato .pdf reso disponibile pi\u00f9 sotto).<br \/>\nSi precisa che la procedura di selezione di \u201cconducenti di linea\u201d di cui al bando pubblicato in data 28 Aprile 2010 \u00e8 da intendersi definitivamente annullata; coloro i quali abbiano gi\u00e0 partecipato a prove selettive nell\u2019ambito della suddetta procedura e coloro i quali abbiano in passato trasmesso ad A.T.A.P. S.P.A. domanda di assunzione secondo le modalit\u00e0 previste dal precedente Regolamento ora abrogato, sono tenuti, ove interessati, ad inoltrare una nuova domanda per l\u2019inserimento nelle \u201cgraduatorie permanenti per titoli\u201d secondo quanto previsto dal nuovo Regolamento.<\/p>\n<p>In sintesi, annualmente l\u2019azienda provveder\u00e0 alla formazione ed aggiornamento delle seguenti graduatorie per titoli:<\/p>\n<ul>\n<li>&#8220;operatori di esercizio&#8221; (conducenti di linea)<\/li>\n<li>&#8220;operai&#8221; (area manutenzione autobus)<\/li>\n<li>&#8220;impiegati area tecnica&#8221;<\/li>\n<li>&#8220;impiegati area amministrativa\/commerciale&#8221;<\/li>\n<\/ul>\n<p>Le graduatorie permanenti sono finalizzate:<\/p>\n<ul>\n<li>alla selezione, secondo l&#8217;ordine decrescente in graduatoria, dei partecipanti ai concorsi per titoli ed esami banditi da A.T.A.P. S.P.A.;<\/li>\n<li>esclusivamente per il profilo professionale di &#8220;operatore di esercizio&#8221;, nel caso in cui ragioni di particolare urgenza non consentano l&#8217;espletamento di concorso, all&#8217;avviamento degli iscritti alla relativa graduatoria permanente, per chiamata secondo l&#8217;ordine in graduatoria, previo superamento di prove volte ad accertare l&#8217;idoneit\u00e0 professionale ed attitudinale del candidato.<\/li>\n<\/ul>\n<p>L&#8217;iscrizione nella graduatoria permanente avviene mediante presentazione di apposita domanda (si veda &#8220;domanda&#8221; per scaricare il modulo) contenente la dichiarazione dei titoli posseduti (titolo di studio, esperienza professionale, idoneit\u00e0 in concorsi e selezioni banditi da A.T.A.P. S.P.A., carico di famiglia, ecc.). I titoli posseduti vengono valutati secondo le regole definite nel Regolamento (Allegato A).<\/p>\n<p>E\u2019 possibile richiedere l\u2019iscrizione a pi\u00f9 di una graduatoria. Ciascuna graduatoria ha validit\u00e0 dal 1 gennaio al 31 dicembre di ogni anno e viene formata sulla base delle domande pervenute entro il 30 settembre dell&#8217;anno precedente a quello di riferimento delle graduatorie. L&#8217;iscrizione nelle graduatorie vale due anni, poi deve essere rinnovata.<\/p>\n<p>Adempimenti da effettuare entro il 30 settembre di ogni anno:<\/p>\n<ul>\n<li>chi non \u00e8 iscritto pu\u00f2 presentare domanda di iscrizione (il candidato verr\u00e0 inserito, ove sussistano le condizioni, nella graduatoria avente validit\u00e0 dal 1 gennaio al 31 dicembre dell\u2019anno successivo);<\/li>\n<li>chi \u00e8 gi\u00e0 iscritto pu\u00f2 presentare domanda di integrazione titoli (per aggiornare il punteggio di nuovi titoli di studio, esperienze professionali,ecc.); l\u2019aggiornamento del relativo punteggio in graduatoria \u00e8 effettuato sulla graduatoria avente validit\u00e0 dal 1 gennaio al 31 dicembre dell\u2019anno successivo;<\/li>\n<li>chi \u00e8 gi\u00e0 iscritto ed ha presentato l&#8217;ultima domanda entro il 30 settembre di due anni prima deve comunque presentare domanda di integrazione, pena la cancellazione dalla graduatoria (ad esempio chi presenti la prima domanda entro il 30 settembre del 2013 e sia conseguentemente iscritto nella graduatoria a partire dal 1 gennaio 2014, deve presentare una nuova domanda entro il 30 settembre 2015);<\/li>\n<li>si precisa che OCCORRE CROCIARE LA CASELLA \u201cINTEGRAZIONE\u201d SOLO SE SI VUOLE MODIFICARE\/INTEGRARE UNA DOMANDA DI INSERIMENTO NELLE GRADUATORIE PERMANENTI GIA\u2019 INVIATA DOPO L\u201911 GENNAIO 2013.<\/li>\n<\/ul>\n<p>Le graduatorie ed i relativi aggiornamenti saranno pubblicati sul sito aziendale.<br \/>\nPer tutte le altre norme si rimanda al Regolamento.<\/p>\n<p>Precisazioni sulle modalit\u00e0 di consegna delle domande: <em>In fase di aggiornamento<\/em><\/p>\n<p>&nbsp;<\/p>\n<p>Documenti disponibili:<\/p>\n<p>&nbsp;<\/p>\n<p><strong><a href=\"https:\/\/www.atapspa.it\/wp-content\/uploads\/2014\/07\/2951PersonaleRegolam.pdf\">Allegato A<\/a><\/strong>\u00a0(Regolamento sospeso)<\/p>\n<p>Allegato B (Domanda di iscrizione\/integrazione alle graduatorie): <em>In fase di aggiornamento<\/em>\t\t<\/p>\n","protected":false},"excerpt":{"rendered":"<p>&nbsp; Attenzione! In data 11 Gennaio 2013 \u00e8&nbsp;&#8230;&nbsp;<\/p>\n","protected":false},"author":2,"featured_media":0,"parent":0,"menu_order":0,"comment_status":"closed","ping_status":"closed","template":"","meta":{"_acf_changed":false,"footnotes":""},"class_list":["post-530","page","type-page","status-publish","hentry"],"acf":[],"yoast_head":"<!-- This site is optimized with the Yoast SEO plugin v27.4 - https:\/\/yoast.com\/product\/yoast-seo-wordpress\/ -->\n<title>Regolamento aziendale 2013 per reclutamento del personale - Atap S.p.a.<\/title>\n<meta name=\"robots\" content=\"index, follow, max-snippet:-1, max-image-preview:large, max-video-preview:-1\" \/>\n<link rel=\"canonical\" href=\"https:\/\/ec2-54-77-99-204.eu-west-1.compute.amazonaws.com\/en\/regolamento-aziendale-2013-per-reclutamento-del-personale\/\" \/>\n<meta property=\"og:locale\" content=\"en_US\" \/>\n<meta property=\"og:type\" content=\"article\" \/>\n<meta property=\"og:title\" content=\"Regolamento aziendale 2013 per reclutamento del personale - Atap S.p.a.\" \/>\n<meta property=\"og:description\" content=\"&nbsp; Attenzione! In data 11 Gennaio 2013 \u00e8&nbsp;...&nbsp;\" \/>\n<meta property=\"og:url\" content=\"https:\/\/ec2-54-77-99-204.eu-west-1.compute.amazonaws.com\/en\/regolamento-aziendale-2013-per-reclutamento-del-personale\/\" \/>\n<meta property=\"og:site_name\" content=\"Atap S.p.a.\" \/>\n<meta name=\"twitter:card\" content=\"summary_large_image\" \/>\n<meta name=\"twitter:label1\" content=\"Est. reading time\" \/>\n\t<meta name=\"twitter:data1\" content=\"3 minutes\" \/>\n<script type=\"application\/ld+json\" class=\"yoast-schema-graph\">{\"@context\":\"https:\\\/\\\/schema.org\",\"@graph\":[{\"@type\":\"WebPage\",\"@id\":\"https:\\\/\\\/ec2-54-77-99-204.eu-west-1.compute.amazonaws.com\\\/en\\\/regolamento-aziendale-2013-per-reclutamento-del-personale\\\/\",\"url\":\"https:\\\/\\\/ec2-54-77-99-204.eu-west-1.compute.amazonaws.com\\\/en\\\/regolamento-aziendale-2013-per-reclutamento-del-personale\\\/\",\"name\":\"Regolamento aziendale 2013 per reclutamento del personale - Atap S.p.a.\",\"isPartOf\":{\"@id\":\"https:\\\/\\\/www.atapspa.it\\\/#website\"},\"datePublished\":\"2014-07-28T10:04:54+00:00\",\"breadcrumb\":{\"@id\":\"https:\\\/\\\/ec2-54-77-99-204.eu-west-1.compute.amazonaws.com\\\/en\\\/regolamento-aziendale-2013-per-reclutamento-del-personale\\\/#breadcrumb\"},\"inLanguage\":\"en-US\",\"potentialAction\":[{\"@type\":\"ReadAction\",\"target\":[\"https:\\\/\\\/ec2-54-77-99-204.eu-west-1.compute.amazonaws.com\\\/en\\\/regolamento-aziendale-2013-per-reclutamento-del-personale\\\/\"]}]},{\"@type\":\"BreadcrumbList\",\"@id\":\"https:\\\/\\\/ec2-54-77-99-204.eu-west-1.compute.amazonaws.com\\\/en\\\/regolamento-aziendale-2013-per-reclutamento-del-personale\\\/#breadcrumb\",\"itemListElement\":[{\"@type\":\"ListItem\",\"position\":1,\"name\":\"Home\",\"item\":\"https:\\\/\\\/www.atapspa.it\\\/\"},{\"@type\":\"ListItem\",\"position\":2,\"name\":\"Regolamento aziendale 2013 per reclutamento del personale\"}]},{\"@type\":\"WebSite\",\"@id\":\"https:\\\/\\\/www.atapspa.it\\\/#website\",\"url\":\"https:\\\/\\\/www.atapspa.it\\\/\",\"name\":\"Atap S.p.a.\",\"description\":\"Atap, in viaggio con voi\",\"potentialAction\":[{\"@type\":\"SearchAction\",\"target\":{\"@type\":\"EntryPoint\",\"urlTemplate\":\"https:\\\/\\\/www.atapspa.it\\\/?s={search_term_string}\"},\"query-input\":{\"@type\":\"PropertyValueSpecification\",\"valueRequired\":true,\"valueName\":\"search_term_string\"}}],\"inLanguage\":\"en-US\"}]}<\/script>\n<!-- \/ Yoast SEO plugin. -->","yoast_head_json":{"title":"Regolamento aziendale 2013 per reclutamento del personale - Atap S.p.a.","robots":{"index":"index","follow":"follow","max-snippet":"max-snippet:-1","max-image-preview":"max-image-preview:large","max-video-preview":"max-video-preview:-1"},"canonical":"https:\/\/ec2-54-77-99-204.eu-west-1.compute.amazonaws.com\/en\/regolamento-aziendale-2013-per-reclutamento-del-personale\/","og_locale":"en_US","og_type":"article","og_title":"Regolamento aziendale 2013 per reclutamento del personale - Atap S.p.a.","og_description":"&nbsp; Attenzione! In data 11 Gennaio 2013 \u00e8&nbsp;...&nbsp;","og_url":"https:\/\/ec2-54-77-99-204.eu-west-1.compute.amazonaws.com\/en\/regolamento-aziendale-2013-per-reclutamento-del-personale\/","og_site_name":"Atap S.p.a.","twitter_card":"summary_large_image","twitter_misc":{"Est. reading time":"3 minutes"},"schema":{"@context":"https:\/\/schema.org","@graph":[{"@type":"WebPage","@id":"https:\/\/ec2-54-77-99-204.eu-west-1.compute.amazonaws.com\/en\/regolamento-aziendale-2013-per-reclutamento-del-personale\/","url":"https:\/\/ec2-54-77-99-204.eu-west-1.compute.amazonaws.com\/en\/regolamento-aziendale-2013-per-reclutamento-del-personale\/","name":"Regolamento aziendale 2013 per reclutamento del personale - Atap S.p.a.","isPartOf":{"@id":"https:\/\/www.atapspa.it\/#website"},"datePublished":"2014-07-28T10:04:54+00:00","breadcrumb":{"@id":"https:\/\/ec2-54-77-99-204.eu-west-1.compute.amazonaws.com\/en\/regolamento-aziendale-2013-per-reclutamento-del-personale\/#breadcrumb"},"inLanguage":"en-US","potentialAction":[{"@type":"ReadAction","target":["https:\/\/ec2-54-77-99-204.eu-west-1.compute.amazonaws.com\/en\/regolamento-aziendale-2013-per-reclutamento-del-personale\/"]}]},{"@type":"BreadcrumbList","@id":"https:\/\/ec2-54-77-99-204.eu-west-1.compute.amazonaws.com\/en\/regolamento-aziendale-2013-per-reclutamento-del-personale\/#breadcrumb","itemListElement":[{"@type":"ListItem","position":1,"name":"Home","item":"https:\/\/www.atapspa.it\/"},{"@type":"ListItem","position":2,"name":"Regolamento aziendale 2013 per reclutamento del personale"}]},{"@type":"WebSite","@id":"https:\/\/www.atapspa.it\/#website","url":"https:\/\/www.atapspa.it\/","name":"Atap S.p.a.","description":"Atap, in viaggio con voi","potentialAction":[{"@type":"SearchAction","target":{"@type":"EntryPoint","urlTemplate":"https:\/\/www.atapspa.it\/?s={search_term_string}"},"query-input":{"@type":"PropertyValueSpecification","valueRequired":true,"valueName":"search_term_string"}}],"inLanguage":"en-US"}]}},"publishpress_future_action":{"enabled":false,"date":"2026-04-22 02:39:15","action":"change-status","newStatus":"draft","terms":[],"taxonomy":"","extraData":[]},"publishpress_future_workflow_manual_trigger":{"enabledWorkflows":[]},"_links":{"self":[{"href":"https:\/\/atapspa.it\/en\/wp-json\/wp\/v2\/pages\/530","targetHints":{"allow":["GET"]}}],"collection":[{"href":"https:\/\/atapspa.it\/en\/wp-json\/wp\/v2\/pages"}],"about":[{"href":"https:\/\/atapspa.it\/en\/wp-json\/wp\/v2\/types\/page"}],"author":[{"embeddable":true,"href":"https:\/\/atapspa.it\/en\/wp-json\/wp\/v2\/users\/2"}],"replies":[{"embeddable":true,"href":"https:\/\/atapspa.it\/en\/wp-json\/wp\/v2\/comments?post=530"}],"version-history":[{"count":0,"href":"https:\/\/atapspa.it\/en\/wp-json\/wp\/v2\/pages\/530\/revisions"}],"wp:attachment":[{"href":"https:\/\/atapspa.it\/en\/wp-json\/wp\/v2\/media?parent=530"}],"curies":[{"name":"wp","href":"https:\/\/api.w.org\/{rel}","templated":true}]}}