{"id":312,"date":"2014-07-24T09:12:45","date_gmt":"2014-07-24T07:12:45","guid":{"rendered":"http:\/\/www.atapspa.it\/?page_id=312"},"modified":"2024-07-24T09:41:42","modified_gmt":"2024-07-24T08:41:42","slug":"utenti","status":"publish","type":"page","link":"https:\/\/atapspa.it\/en\/utenti\/","title":{"rendered":"Utenti"},"content":{"rendered":"<p>\t\t\t\tATAP, in quanto operatore del trasporto pubblico locale, si \u00e8 assunta di fronte alla comunit\u00e0 la responsabilit\u00e0 di garantire il diritto alla mobilit\u00e0 del territorio, con particolare interesse per le categorie pi\u00f9 deboli e disagiate, diffondendo il diritto ad una mobilit\u00e0 sostenibile a vantaggio e tutela della collettivit\u00e0 in un contesto di particolare attenzione all\u2019impatto ambientale connesso a tale servizio.<\/p>\n<p>All&#8217;interno di questa sezione potrete trovare una serie di strumenti utili come: la carta dei servizi, il regolamento per l&#8217;accesso alla documentazione amministrativa, ed un vademecum su come comportarsi in caso di samrrimento oggetti ed in caso di sinistro contro uno dei nostri mezzi.\t\t<\/p>","protected":false},"excerpt":{"rendered":"<p>ATAP, in quanto operatore del trasporto pubblico locale,&nbsp;&#8230;&nbsp;<\/p>\n","protected":false},"author":2,"featured_media":0,"parent":0,"menu_order":6,"comment_status":"closed","ping_status":"closed","template":"","meta":{"_acf_changed":false,"footnotes":""},"class_list":["post-312","page","type-page","status-publish","hentry"],"acf":[],"yoast_head":"<!-- This site is optimized with the Yoast SEO plugin v27.4 - https:\/\/yoast.com\/product\/yoast-seo-wordpress\/ -->\n<title>Utenti - Atap S.p.a.<\/title>\n<meta name=\"robots\" content=\"index, follow, max-snippet:-1, max-image-preview:large, max-video-preview:-1\" \/>\n<link rel=\"canonical\" href=\"https:\/\/atapspa.it\/utenti\/\" \/>\n<meta property=\"og:locale\" content=\"en_US\" \/>\n<meta property=\"og:type\" content=\"article\" \/>\n<meta property=\"og:title\" content=\"Utenti - Atap S.p.a.\" \/>\n<meta property=\"og:description\" content=\"ATAP, in quanto operatore del trasporto pubblico locale,&nbsp;...&nbsp;\" \/>\n<meta property=\"og:url\" content=\"https:\/\/atapspa.it\/utenti\/\" \/>\n<meta property=\"og:site_name\" content=\"Atap S.p.a.\" \/>\n<meta property=\"article:modified_time\" content=\"2024-07-24T08:41:42+00:00\" \/>\n<meta name=\"twitter:card\" content=\"summary_large_image\" \/>\n<meta name=\"twitter:label1\" content=\"Est. reading time\" \/>\n\t<meta name=\"twitter:data1\" content=\"1 minute\" \/>\n<script type=\"application\/ld+json\" class=\"yoast-schema-graph\">{\"@context\":\"https:\\\/\\\/schema.org\",\"@graph\":[{\"@type\":\"WebPage\",\"@id\":\"https:\\\/\\\/atapspa.it\\\/utenti\\\/\",\"url\":\"https:\\\/\\\/atapspa.it\\\/utenti\\\/\",\"name\":\"Utenti - Atap S.p.a.\",\"isPartOf\":{\"@id\":\"https:\\\/\\\/www.atapspa.it\\\/#website\"},\"datePublished\":\"2014-07-24T07:12:45+00:00\",\"dateModified\":\"2024-07-24T08:41:42+00:00\",\"breadcrumb\":{\"@id\":\"https:\\\/\\\/atapspa.it\\\/utenti\\\/#breadcrumb\"},\"inLanguage\":\"en-US\",\"potentialAction\":[{\"@type\":\"ReadAction\",\"target\":[\"https:\\\/\\\/atapspa.it\\\/utenti\\\/\"]}]},{\"@type\":\"BreadcrumbList\",\"@id\":\"https:\\\/\\\/atapspa.it\\\/utenti\\\/#breadcrumb\",\"itemListElement\":[{\"@type\":\"ListItem\",\"position\":1,\"name\":\"Home\",\"item\":\"https:\\\/\\\/www.atapspa.it\\\/\"},{\"@type\":\"ListItem\",\"position\":2,\"name\":\"Utenti\"}]},{\"@type\":\"WebSite\",\"@id\":\"https:\\\/\\\/www.atapspa.it\\\/#website\",\"url\":\"https:\\\/\\\/www.atapspa.it\\\/\",\"name\":\"Atap S.p.a.\",\"description\":\"Atap, in viaggio con voi\",\"potentialAction\":[{\"@type\":\"SearchAction\",\"target\":{\"@type\":\"EntryPoint\",\"urlTemplate\":\"https:\\\/\\\/www.atapspa.it\\\/?s={search_term_string}\"},\"query-input\":{\"@type\":\"PropertyValueSpecification\",\"valueRequired\":true,\"valueName\":\"search_term_string\"}}],\"inLanguage\":\"en-US\"}]}<\/script>\n<!-- \/ Yoast SEO plugin. -->","yoast_head_json":{"title":"Utenti - Atap S.p.a.","robots":{"index":"index","follow":"follow","max-snippet":"max-snippet:-1","max-image-preview":"max-image-preview:large","max-video-preview":"max-video-preview:-1"},"canonical":"https:\/\/atapspa.it\/utenti\/","og_locale":"en_US","og_type":"article","og_title":"Utenti - Atap S.p.a.","og_description":"ATAP, in quanto operatore del trasporto pubblico locale,&nbsp;...&nbsp;","og_url":"https:\/\/atapspa.it\/utenti\/","og_site_name":"Atap S.p.a.","article_modified_time":"2024-07-24T08:41:42+00:00","twitter_card":"summary_large_image","twitter_misc":{"Est. reading time":"1 minute"},"schema":{"@context":"https:\/\/schema.org","@graph":[{"@type":"WebPage","@id":"https:\/\/atapspa.it\/utenti\/","url":"https:\/\/atapspa.it\/utenti\/","name":"Utenti - Atap S.p.a.","isPartOf":{"@id":"https:\/\/www.atapspa.it\/#website"},"datePublished":"2014-07-24T07:12:45+00:00","dateModified":"2024-07-24T08:41:42+00:00","breadcrumb":{"@id":"https:\/\/atapspa.it\/utenti\/#breadcrumb"},"inLanguage":"en-US","potentialAction":[{"@type":"ReadAction","target":["https:\/\/atapspa.it\/utenti\/"]}]},{"@type":"BreadcrumbList","@id":"https:\/\/atapspa.it\/utenti\/#breadcrumb","itemListElement":[{"@type":"ListItem","position":1,"name":"Home","item":"https:\/\/www.atapspa.it\/"},{"@type":"ListItem","position":2,"name":"Utenti"}]},{"@type":"WebSite","@id":"https:\/\/www.atapspa.it\/#website","url":"https:\/\/www.atapspa.it\/","name":"Atap S.p.a.","description":"Atap, in viaggio con voi","potentialAction":[{"@type":"SearchAction","target":{"@type":"EntryPoint","urlTemplate":"https:\/\/www.atapspa.it\/?s={search_term_string}"},"query-input":{"@type":"PropertyValueSpecification","valueRequired":true,"valueName":"search_term_string"}}],"inLanguage":"en-US"}]}},"publishpress_future_action":{"enabled":false,"date":"2026-04-24 10:56:38","action":"change-status","newStatus":"draft","terms":[],"taxonomy":"","extraData":[]},"publishpress_future_workflow_manual_trigger":{"enabledWorkflows":[]},"_links":{"self":[{"href":"https:\/\/atapspa.it\/en\/wp-json\/wp\/v2\/pages\/312","targetHints":{"allow":["GET"]}}],"collection":[{"href":"https:\/\/atapspa.it\/en\/wp-json\/wp\/v2\/pages"}],"about":[{"href":"https:\/\/atapspa.it\/en\/wp-json\/wp\/v2\/types\/page"}],"author":[{"embeddable":true,"href":"https:\/\/atapspa.it\/en\/wp-json\/wp\/v2\/users\/2"}],"replies":[{"embeddable":true,"href":"https:\/\/atapspa.it\/en\/wp-json\/wp\/v2\/comments?post=312"}],"version-history":[{"count":2,"href":"https:\/\/atapspa.it\/en\/wp-json\/wp\/v2\/pages\/312\/revisions"}],"predecessor-version":[{"id":23037,"href":"https:\/\/atapspa.it\/en\/wp-json\/wp\/v2\/pages\/312\/revisions\/23037"}],"wp:attachment":[{"href":"https:\/\/atapspa.it\/en\/wp-json\/wp\/v2\/media?parent=312"}],"curies":[{"name":"wp","href":"https:\/\/api.w.org\/{rel}","templated":true}]}}